{"id":71,"date":"2020-01-27T08:15:05","date_gmt":"2020-01-27T08:15:05","guid":{"rendered":"https:\/\/demosites.io\/web-agency-gb\/?page_id=71"},"modified":"2023-06-24T20:55:29","modified_gmt":"2023-06-24T20:55:29","slug":"15c42-web-agency-gb-portfolio-single","status":"publish","type":"page","link":"https:\/\/www.novartyapi.com\/?page_id=71","title":{"rendered":"Hizmetlerimiz"},"content":{"rendered":"\n<div class=\"wp-block-cover alignfull is-light\" style=\"min-height:196px;aspect-ratio:unset;\"><span aria-hidden=\"true\" class=\"wp-block-cover__background has-nv-site-bg-background-color has-background-dim\"><\/span><img decoding=\"async\" class=\"wp-block-cover__image-background\" alt=\"\" src=\"blob:http:\/\/www.novartyapi.com\/92df5a34-caaa-481a-bf6b-894f622224a5\" data-object-fit=\"cover\"\/><div class=\"wp-block-cover__inner-container is-layout-flow wp-block-cover-is-layout-flow\">\n<div class=\"wp-block-group\"><div class=\"wp-block-group__inner-container is-layout-flow wp-block-group-is-layout-flow\">\n<div class=\"wp-block-columns are-vertically-aligned-center is-layout-flex wp-container-core-columns-is-layout-9d6595d7 wp-block-columns-is-layout-flex\">\n<div class=\"wp-block-column is-vertically-aligned-center is-layout-flow wp-block-column-is-layout-flow\" style=\"flex-basis:100%\">\n<h2 class=\"wp-block-heading has-text-align-left has-neve-text-color-color has-text-color\" style=\"font-size:35px\"><\/h2>\n\n\n\n<div class=\"wp-block-columns are-vertically-aligned-center is-layout-flex wp-container-core-columns-is-layout-9d6595d7 wp-block-columns-is-layout-flex\">\n<div class=\"wp-block-column is-vertically-aligned-center is-layout-flow wp-block-column-is-layout-flow\" style=\"flex-basis:100%\">\n<p class=\"has-neve-text-color-color has-text-color\" style=\"font-size:17px\">NOVART YAPI \u00e7at\u0131s\u0131 alt\u0131nda, mimarl\u0131k, tasar\u0131m ve projelendirme, proje y\u00f6netimi ve in\u015faat &amp; taahh\u00fct hizmetleri verilmektedir.<\/p>\n<\/div>\n<\/div>\n<\/div>\n<\/div>\n<\/div><\/div>\n<\/div><\/div>\n\n\n\n<div class=\"wp-block-cover alignfull\" style=\"min-height:600px;aspect-ratio:unset;\"><span aria-hidden=\"true\" class=\"wp-block-cover__background has-nv-site-bg-background-color has-background-dim-100 has-background-dim\"><\/span><div class=\"wp-block-cover__inner-container is-layout-flow wp-block-cover-is-layout-flow\">\n<div class=\"wp-block-group\"><div class=\"wp-block-group__inner-container is-layout-flow wp-block-group-is-layout-flow\">\n<div style=\"height:0px\" aria-hidden=\"true\" class=\"wp-block-spacer\"><\/div>\n\n\n\n<div style=\"height:4px\" aria-hidden=\"true\" class=\"wp-block-spacer\"><\/div>\n\n\n\n<div class=\"wp-block-columns is-layout-flex wp-container-core-columns-is-layout-9d6595d7 wp-block-columns-is-layout-flex\">\n<div class=\"wp-block-column is-layout-flow wp-block-column-is-layout-flow\">\n<figure class=\"wp-block-image size-large is-resized\"><img loading=\"lazy\" decoding=\"async\" src=\"http:\/\/www.novartyapi.com\/wp-content\/uploads\/2023\/06\/Calisma-yuzeyi-7-2-1024x725.jpg\" alt=\"\" class=\"wp-image-480\" width=\"350\" height=\"247\" srcset=\"https:\/\/www.novartyapi.com\/wp-content\/uploads\/2023\/06\/Calisma-yuzeyi-7-2-1024x725.jpg 1024w, https:\/\/www.novartyapi.com\/wp-content\/uploads\/2023\/06\/Calisma-yuzeyi-7-2-300x212.jpg 300w, https:\/\/www.novartyapi.com\/wp-content\/uploads\/2023\/06\/Calisma-yuzeyi-7-2-768x543.jpg 768w, https:\/\/www.novartyapi.com\/wp-content\/uploads\/2023\/06\/Calisma-yuzeyi-7-2-1536x1087.jpg 1536w, https:\/\/www.novartyapi.com\/wp-content\/uploads\/2023\/06\/Calisma-yuzeyi-7-2.jpg 1754w\" sizes=\"auto, (max-width: 350px) 100vw, 350px\" \/><\/figure>\n<\/div>\n\n\n\n<div class=\"wp-block-column is-layout-flow wp-block-column-is-layout-flow\">\n<figure class=\"wp-block-image size-full is-resized\"><img loading=\"lazy\" decoding=\"async\" src=\"http:\/\/www.novartyapi.com\/wp-content\/uploads\/2023\/06\/construction-project-management-slide1-1.jpg\" alt=\"\" class=\"wp-image-481\" width=\"378\" height=\"244\" srcset=\"https:\/\/www.novartyapi.com\/wp-content\/uploads\/2023\/06\/construction-project-management-slide1-1.jpg 720w, https:\/\/www.novartyapi.com\/wp-content\/uploads\/2023\/06\/construction-project-management-slide1-1-300x194.jpg 300w\" sizes=\"auto, (max-width: 378px) 100vw, 378px\" \/><\/figure>\n<\/div>\n\n\n\n<div class=\"wp-block-column is-layout-flow wp-block-column-is-layout-flow\"><div class=\"wp-block-image\">\n<figure class=\"alignright size-full\"><img loading=\"lazy\" decoding=\"async\" width=\"650\" height=\"450\" src=\"http:\/\/www.novartyapi.com\/wp-content\/uploads\/2023\/06\/project-manager-proyectos-arquitectura-1.jpg\" alt=\"\" class=\"wp-image-490\" srcset=\"https:\/\/www.novartyapi.com\/wp-content\/uploads\/2023\/06\/project-manager-proyectos-arquitectura-1.jpg 650w, https:\/\/www.novartyapi.com\/wp-content\/uploads\/2023\/06\/project-manager-proyectos-arquitectura-1-300x208.jpg 300w\" sizes=\"auto, (max-width: 650px) 100vw, 650px\" \/><\/figure>\n<\/div><\/div>\n<\/div>\n<\/div><\/div>\n\n\n\n<div class=\"wp-block-columns is-layout-flex wp-container-core-columns-is-layout-9d6595d7 wp-block-columns-is-layout-flex\">\n<div class=\"wp-block-column is-layout-flow wp-block-column-is-layout-flow\">\n<p class=\"has-text-align-center has-nv-dark-bg-color has-text-color\">Tasar\u0131m ve Projelendirme<\/p>\n<\/div>\n\n\n\n<div class=\"wp-block-column is-layout-flow wp-block-column-is-layout-flow\">\n<p class=\"has-text-align-center has-nv-dark-bg-color has-text-color\">Proje Y\u00f6netimi<\/p>\n<\/div>\n\n\n\n<div class=\"wp-block-column is-layout-flow wp-block-column-is-layout-flow\">\n<p class=\"has-text-align-center has-nv-dark-bg-color has-text-color\">\u0130n\u015faat &amp; Taahh\u00fct \u0130\u015fleri<\/p>\n<\/div>\n<\/div>\n<\/div><\/div>\n\n\n\n<div class=\"wp-block-cover alignfull\" style=\"min-height:300px;aspect-ratio:unset;\"><span aria-hidden=\"true\" class=\"wp-block-cover__background has-nv-dark-bg-background-color has-background-dim-100 has-background-dim\"><\/span><div class=\"wp-block-cover__inner-container is-layout-flow wp-block-cover-is-layout-flow\">\n<figure class=\"wp-block-image size-medium is-resized wp-duotone-rgba232323045-rgb250250250-1\"><img loading=\"lazy\" decoding=\"async\" src=\"http:\/\/www.novartyapi.com\/wp-content\/uploads\/2023\/06\/Novart-yapi-logo-tasarimi-6-300x225.jpg\" alt=\"\" class=\"wp-image-482\" width=\"348\" height=\"261\" srcset=\"https:\/\/www.novartyapi.com\/wp-content\/uploads\/2023\/06\/Novart-yapi-logo-tasarimi-6-300x225.jpg 300w, https:\/\/www.novartyapi.com\/wp-content\/uploads\/2023\/06\/Novart-yapi-logo-tasarimi-6-1024x768.jpg 1024w, https:\/\/www.novartyapi.com\/wp-content\/uploads\/2023\/06\/Novart-yapi-logo-tasarimi-6-768x576.jpg 768w, https:\/\/www.novartyapi.com\/wp-content\/uploads\/2023\/06\/Novart-yapi-logo-tasarimi-6-1536x1152.jpg 1536w, https:\/\/www.novartyapi.com\/wp-content\/uploads\/2023\/06\/Novart-yapi-logo-tasarimi-6.jpg 1890w\" sizes=\"auto, (max-width: 348px) 100vw, 348px\" \/><\/figure>\n\n\n\n<div class=\"wp-block-columns is-layout-flex wp-container-core-columns-is-layout-9d6595d7 wp-block-columns-is-layout-flex\">\n<div class=\"wp-block-column is-layout-flow wp-block-column-is-layout-flow\">\n<p class=\"has-text-align-center\">Adres<\/p>\n\n\n\n<p class=\"has-text-align-left\" style=\"font-size:15px\">Adnan Kahveci Mh. Ku\u015ftepe Cd. A Blok 17 A \u0130\u00e7 Kap\u0131 No:36 Beylikd\u00fcz\u00fc \/ \u0130STANBUL<\/p>\n<\/div>\n\n\n\n<div class=\"wp-block-column is-layout-flow wp-block-column-is-layout-flow\">\n<p class=\"has-text-align-center\">Telefon<\/p>\n\n\n\n<p class=\"has-text-align-center\" style=\"font-size:15px\">0 (212) 855 55 81<\/p>\n<\/div>\n\n\n\n<div class=\"wp-block-column is-layout-flow wp-block-column-is-layout-flow\">\n<p class=\"has-text-align-center\">Mail<\/p>\n\n\n\n<p class=\"has-text-align-center\" style=\"font-size:15px\">info@novartyapi.com<\/p>\n<\/div>\n<\/div>\n\n\n\n<div style=\"height:33px\" aria-hidden=\"true\" class=\"wp-block-spacer\"><\/div>\n<\/div><\/div>\n","protected":false},"excerpt":{"rendered":"","protected":false},"author":1,"featured_media":0,"parent":0,"menu_order":0,"comment_status":"closed","ping_status":"closed","template":"","meta":{"neve_meta_sidebar":"default","neve_meta_container":"","neve_meta_enable_content_width":"on","neve_meta_content_width":100,"neve_meta_title_alignment":"","neve_meta_author_avatar":"","neve_post_elements_order":"","neve_meta_disable_header":"","neve_meta_disable_footer":"","neve_meta_disable_title":"on","_themeisle_gutenberg_block_has_review":false,"_ti_tpc_template_sync":false,"_ti_tpc_template_id":"axcn4pxgkxci1ianbdh0","footnotes":""},"class_list":["post-71","page","type-page","status-publish","hentry"],"_links":{"self":[{"href":"https:\/\/www.novartyapi.com\/index.php?rest_route=\/wp\/v2\/pages\/71","targetHints":{"allow":["GET"]}}],"collection":[{"href":"https:\/\/www.novartyapi.com\/index.php?rest_route=\/wp\/v2\/pages"}],"about":[{"href":"https:\/\/www.novartyapi.com\/index.php?rest_route=\/wp\/v2\/types\/page"}],"author":[{"embeddable":true,"href":"https:\/\/www.novartyapi.com\/index.php?rest_route=\/wp\/v2\/users\/1"}],"replies":[{"embeddable":true,"href":"https:\/\/www.novartyapi.com\/index.php?rest_route=%2Fwp%2Fv2%2Fcomments&post=71"}],"version-history":[{"count":13,"href":"https:\/\/www.novartyapi.com\/index.php?rest_route=\/wp\/v2\/pages\/71\/revisions"}],"predecessor-version":[{"id":530,"href":"https:\/\/www.novartyapi.com\/index.php?rest_route=\/wp\/v2\/pages\/71\/revisions\/530"}],"wp:attachment":[{"href":"https:\/\/www.novartyapi.com\/index.php?rest_route=%2Fwp%2Fv2%2Fmedia&parent=71"}],"curies":[{"name":"wp","href":"https:\/\/api.w.org\/{rel}","templated":true}]}}