{"id":61,"date":"2020-01-23T18:21:52","date_gmt":"2020-01-23T18:21:52","guid":{"rendered":"https:\/\/demosites.io\/web-agency-gb\/?page_id=61"},"modified":"2023-06-24T21:54:23","modified_gmt":"2023-06-24T21:54:23","slug":"15c42-web-agency-gb-about-us","status":"publish","type":"page","link":"https:\/\/www.novartyapi.com\/?page_id=61","title":{"rendered":"Hakk\u0131m\u0131zda"},"content":{"rendered":"\n<div class=\"wp-block-cover alignfull\" style=\"min-height:190px;aspect-ratio:unset;\"><span aria-hidden=\"true\" class=\"wp-block-cover__background has-nv-site-bg-background-color has-background-dim-100 has-background-dim\"><\/span><div class=\"wp-block-cover__inner-container is-layout-flow wp-block-cover-is-layout-flow\">\n<p><\/p>\n\n\n\n<h1 class=\"wp-block-heading has-text-align-left has-neve-text-color-color has-text-color\" style=\"font-size:35px\">KURUMSAL<\/h1>\n<\/div><\/div>\n\n\n\n<div class=\"wp-block-cover alignfull has-custom-content-position is-position-bottom-center\" style=\"min-height:620px;aspect-ratio:unset;\"><span aria-hidden=\"true\" class=\"wp-block-cover__background has-nv-light-bg-background-color has-background-dim-100 has-background-dim\"><\/span><div class=\"wp-block-cover__inner-container is-layout-flow wp-block-cover-is-layout-flow\">\n<div class=\"wp-block-group\"><div class=\"wp-block-group__inner-container is-layout-flow wp-block-group-is-layout-flow\">\n<div style=\"height:7px\" aria-hidden=\"true\" class=\"wp-block-spacer\"><\/div>\n\n\n\n<div class=\"wp-block-columns are-vertically-aligned-top has-neve-text-color-color has-text-color is-layout-flex wp-container-core-columns-is-layout-9d6595d7 wp-block-columns-is-layout-flex\">\n<div class=\"wp-block-column is-vertically-aligned-center is-layout-flow wp-block-column-is-layout-flow\" style=\"flex-basis:50%\">\n<figure class=\"wp-block-image size-large is-resized wp-duotone-rgb616161-rgb246246246-1\"><img loading=\"lazy\" decoding=\"async\" src=\"http:\/\/www.novartyapi.com\/wp-content\/uploads\/2023\/06\/Novart-yapi-logo-tasarimi-4-4-1024x768.jpg\" alt=\"\" class=\"wp-image-448\" width=\"484\" height=\"363\" srcset=\"https:\/\/www.novartyapi.com\/wp-content\/uploads\/2023\/06\/Novart-yapi-logo-tasarimi-4-4-1024x768.jpg 1024w, https:\/\/www.novartyapi.com\/wp-content\/uploads\/2023\/06\/Novart-yapi-logo-tasarimi-4-4-300x225.jpg 300w, https:\/\/www.novartyapi.com\/wp-content\/uploads\/2023\/06\/Novart-yapi-logo-tasarimi-4-4-768x576.jpg 768w, https:\/\/www.novartyapi.com\/wp-content\/uploads\/2023\/06\/Novart-yapi-logo-tasarimi-4-4-1536x1152.jpg 1536w, https:\/\/www.novartyapi.com\/wp-content\/uploads\/2023\/06\/Novart-yapi-logo-tasarimi-4-4.jpg 1890w\" sizes=\"auto, (max-width: 484px) 100vw, 484px\" \/><\/figure>\n<\/div>\n\n\n\n<div class=\"wp-block-column is-vertically-aligned-center is-layout-flow wp-block-column-is-layout-flow\" style=\"flex-basis:50%\">\n<h2 class=\"wp-block-heading has-neve-text-color-color has-text-color\" style=\"font-size:30px\">HAKKIMIZDA<\/h2>\n\n\n\n<p class=\"has-neve-text-color-color has-text-color\">NOVART YAPI, yenilik\u00e7i i\u015flere imza atarak, sekt\u00f6r\u00fcn takip\u00e7isi de\u011fil takip edileni olma yolunda \u00f6nc\u00fc firma olma vizyonu ile in\u015faat sekt\u00f6r\u00fcn\u00fcn farkl\u0131 alanlar\u0131nda uzun y\u0131llara dayanan deneyim ve tecr\u00fcbesiyle, gen\u00e7 ve dinamik ekibiyle ihtiya\u00e7lar\u0131n\u0131za \u00f6zel esnek \u00e7\u00f6z\u00fcmler sunarak operasyonel m\u00fckemmellik ve finansal performans a\u00e7\u0131s\u0131ndan s\u00fcrd\u00fcr\u00fclebilir de\u011fer sa\u011flama prensibi ile \u00e7al\u0131\u015fmay\u0131 benimsemi\u015ftir.<\/p>\n<\/div>\n<\/div>\n\n\n\n<div style=\"height:44px\" aria-hidden=\"true\" class=\"wp-block-spacer\"><\/div>\n<\/div><\/div>\n<\/div><\/div>\n\n\n\n<div class=\"wp-block-cover alignfull\" style=\"min-height:620px;aspect-ratio:unset;\"><span aria-hidden=\"true\" class=\"wp-block-cover__background has-nv-dark-bg-background-color has-background-dim-100 has-background-dim\"><\/span><div class=\"wp-block-cover__inner-container is-layout-flow wp-block-cover-is-layout-flow\">\n<div class=\"wp-block-group\"><div class=\"wp-block-group__inner-container is-layout-flow wp-block-group-is-layout-flow\">\n<div style=\"height:20px\" aria-hidden=\"true\" class=\"wp-block-spacer\"><\/div>\n\n\n\n<div class=\"wp-block-columns are-vertically-aligned-center is-layout-flex wp-container-core-columns-is-layout-9d6595d7 wp-block-columns-is-layout-flex\">\n<div class=\"wp-block-column is-vertically-aligned-center is-layout-flow wp-block-column-is-layout-flow\" style=\"flex-basis:50%\">\n<h2 class=\"wp-block-heading has-nv-text-dark-bg-color has-text-color\"><\/h2>\n\n\n\n<div style=\"height:20px\" aria-hidden=\"true\" class=\"wp-block-spacer\"><\/div>\n\n\n\n<p>NOVART YAPI \u00e7at\u0131s\u0131 alt\u0131nda, Fonksiyonel ve Estetik \u00c7\u00f6z\u00fcmler, Kalite, Zaman \u2013 Maliyet performans\u0131 odakl\u0131 \u00e7al\u0131\u015farak, optimum sonu\u00e7lar\u0131 elde etme hedefi ile m\u00fc\u015fteri memnuniyetini \u00f6n planda tutarak mimarl\u0131k ve tasar\u0131m hizmetleri, proje y\u00f6netimi hizmetleri, yap\u0131m ve taahh\u00fct hizmetleri vermektedir.<\/p>\n\n\n\n<div class=\"wp-block-buttons is-layout-flex wp-block-buttons-is-layout-flex\"><\/div>\n\n\n\n<div style=\"height:20px\" aria-hidden=\"true\" class=\"wp-block-spacer\"><\/div>\n<\/div>\n\n\n\n<div class=\"wp-block-column is-vertically-aligned-center is-layout-flow wp-block-column-is-layout-flow\" style=\"flex-basis:50%\">\n<figure class=\"wp-block-image size-large\"><img loading=\"lazy\" decoding=\"async\" width=\"1024\" height=\"547\" src=\"http:\/\/www.novartyapi.com\/wp-content\/uploads\/2023\/06\/19.WhatDoesConstructionProject-ManagerDo-1024x547.jpg\" alt=\"\" class=\"wp-image-449\" srcset=\"https:\/\/www.novartyapi.com\/wp-content\/uploads\/2023\/06\/19.WhatDoesConstructionProject-ManagerDo-1024x547.jpg 1024w, https:\/\/www.novartyapi.com\/wp-content\/uploads\/2023\/06\/19.WhatDoesConstructionProject-ManagerDo-300x160.jpg 300w, https:\/\/www.novartyapi.com\/wp-content\/uploads\/2023\/06\/19.WhatDoesConstructionProject-ManagerDo-768x410.jpg 768w, https:\/\/www.novartyapi.com\/wp-content\/uploads\/2023\/06\/19.WhatDoesConstructionProject-ManagerDo.jpg 1200w\" sizes=\"auto, (max-width: 1024px) 100vw, 1024px\" \/><\/figure>\n<\/div>\n<\/div>\n\n\n\n<div style=\"height:20px\" aria-hidden=\"true\" class=\"wp-block-spacer\"><\/div>\n<\/div><\/div>\n<\/div><\/div>\n\n\n\n<div class=\"wp-block-cover alignfull\" style=\"min-height:550px;aspect-ratio:unset;\"><span aria-hidden=\"true\" class=\"wp-block-cover__background has-nv-light-bg-background-color has-background-dim-100 has-background-dim\"><\/span><div class=\"wp-block-cover__inner-container is-layout-flow wp-block-cover-is-layout-flow\">\n<figure class=\"wp-block-image size-medium is-style-default wp-duotone-rgb111-rgb237237237-2\"><img loading=\"lazy\" decoding=\"async\" width=\"300\" height=\"75\" src=\"http:\/\/www.novartyapi.com\/wp-content\/uploads\/2023\/06\/Novart-yapi-logo-tasarimi-5_-300x75.jpg\" alt=\"\" class=\"wp-image-454\" srcset=\"https:\/\/www.novartyapi.com\/wp-content\/uploads\/2023\/06\/Novart-yapi-logo-tasarimi-5_-300x75.jpg 300w, https:\/\/www.novartyapi.com\/wp-content\/uploads\/2023\/06\/Novart-yapi-logo-tasarimi-5_-1024x255.jpg 1024w, https:\/\/www.novartyapi.com\/wp-content\/uploads\/2023\/06\/Novart-yapi-logo-tasarimi-5_-768x191.jpg 768w, https:\/\/www.novartyapi.com\/wp-content\/uploads\/2023\/06\/Novart-yapi-logo-tasarimi-5_.jpg 1197w\" sizes=\"auto, (max-width: 300px) 100vw, 300px\" \/><\/figure>\n\n\n\n<div class=\"wp-block-group\"><div class=\"wp-block-group__inner-container is-layout-flow wp-block-group-is-layout-flow\">\n<div style=\"height:60px\" aria-hidden=\"true\" class=\"wp-block-spacer\"><\/div>\n\n\n\n<div class=\"wp-block-columns is-layout-flex wp-container-core-columns-is-layout-9d6595d7 wp-block-columns-is-layout-flex\">\n<div class=\"wp-block-column is-layout-flow wp-block-column-is-layout-flow\">\n<div style=\"height:24px\" aria-hidden=\"true\" class=\"wp-block-spacer\"><\/div>\n\n\n<div class=\"wp-block-image is-style-default\">\n<figure class=\"aligncenter size-full is-resized\"><img loading=\"lazy\" decoding=\"async\" src=\"http:\/\/www.novartyapi.com\/wp-content\/uploads\/2021\/06\/location-sm.png\" alt=\"\" class=\"wp-image-305\" width=\"37\" height=\"49\"\/><\/figure>\n<\/div>\n\n\n<div style=\"height:10px\" aria-hidden=\"true\" class=\"wp-block-spacer\"><\/div>\n\n\n\n<p class=\"has-text-align-left has-neve-text-color-color has-text-color\" style=\"font-size:14px\">Adnan Kahveci Mh. Ku\u015ftepe Cd. A Blok 17 A \u0130\u00e7 Kap\u0131 No:36 Beylikd\u00fcz\u00fc \/ \u0130STANBUL<\/p>\n<\/div>\n\n\n\n<div class=\"wp-block-column is-layout-flow wp-block-column-is-layout-flow\">\n<div style=\"height:24px\" aria-hidden=\"true\" class=\"wp-block-spacer\"><\/div>\n\n\n<div class=\"wp-block-image is-style-default\">\n<figure class=\"aligncenter size-full is-resized\"><img loading=\"lazy\" decoding=\"async\" src=\"http:\/\/www.novartyapi.com\/wp-content\/uploads\/2021\/06\/phone-sm.png\" alt=\"\" class=\"wp-image-304\" width=\"47\" height=\"47\"\/><\/figure>\n<\/div>\n\n\n<div style=\"height:26px\" aria-hidden=\"true\" class=\"wp-block-spacer\"><\/div>\n\n\n\n<p class=\"has-text-align-center has-neve-text-color-color has-text-color\" style=\"font-size:15px\">0 (212) 855 55 81<\/p>\n<\/div>\n\n\n\n<div class=\"wp-block-column is-layout-flow wp-block-column-is-layout-flow\">\n<div style=\"height:24px\" aria-hidden=\"true\" class=\"wp-block-spacer\"><\/div>\n\n\n<div class=\"wp-block-image is-style-default\">\n<figure class=\"aligncenter size-full is-resized\"><img loading=\"lazy\" decoding=\"async\" src=\"http:\/\/www.novartyapi.com\/wp-content\/uploads\/2021\/06\/email-sm.png\" alt=\"\" class=\"wp-image-315\" width=\"49\" height=\"49\"\/><\/figure>\n<\/div>\n\n\n<div style=\"height:10px\" aria-hidden=\"true\" class=\"wp-block-spacer\"><\/div>\n\n\n\n<p class=\"has-text-align-center has-neve-text-color-color has-text-color\" style=\"font-size:15px\">info@novartyapi.com<\/p>\n<\/div>\n<\/div>\n\n\n\n<div style=\"height:0px\" aria-hidden=\"true\" class=\"wp-block-spacer\"><\/div>\n<\/div><\/div>\n<\/div><\/div>\n","protected":false},"excerpt":{"rendered":"","protected":false},"author":1,"featured_media":0,"parent":0,"menu_order":0,"comment_status":"closed","ping_status":"closed","template":"","meta":{"neve_meta_sidebar":"default","neve_meta_container":"default","neve_meta_enable_content_width":"on","neve_meta_content_width":100,"neve_meta_title_alignment":"","neve_meta_author_avatar":"","neve_post_elements_order":"","neve_meta_disable_header":"","neve_meta_disable_footer":"","neve_meta_disable_title":"on","_themeisle_gutenberg_block_has_review":false,"_ti_tpc_template_sync":false,"_ti_tpc_template_id":"eex7gnweb2m8vo93cr1g","footnotes":""},"class_list":["post-61","page","type-page","status-publish","hentry"],"_links":{"self":[{"href":"https:\/\/www.novartyapi.com\/index.php?rest_route=\/wp\/v2\/pages\/61","targetHints":{"allow":["GET"]}}],"collection":[{"href":"https:\/\/www.novartyapi.com\/index.php?rest_route=\/wp\/v2\/pages"}],"about":[{"href":"https:\/\/www.novartyapi.com\/index.php?rest_route=\/wp\/v2\/types\/page"}],"author":[{"embeddable":true,"href":"https:\/\/www.novartyapi.com\/index.php?rest_route=\/wp\/v2\/users\/1"}],"replies":[{"embeddable":true,"href":"https:\/\/www.novartyapi.com\/index.php?rest_route=%2Fwp%2Fv2%2Fcomments&post=61"}],"version-history":[{"count":34,"href":"https:\/\/www.novartyapi.com\/index.php?rest_route=\/wp\/v2\/pages\/61\/revisions"}],"predecessor-version":[{"id":571,"href":"https:\/\/www.novartyapi.com\/index.php?rest_route=\/wp\/v2\/pages\/61\/revisions\/571"}],"wp:attachment":[{"href":"https:\/\/www.novartyapi.com\/index.php?rest_route=%2Fwp%2Fv2%2Fmedia&parent=61"}],"curies":[{"name":"wp","href":"https:\/\/api.w.org\/{rel}","templated":true}]}}