{"id":308,"date":"2020-01-13T11:17:52","date_gmt":"2020-01-13T11:17:52","guid":{"rendered":"https:\/\/demosites.io\/web-agency-gb\/?page_id=5"},"modified":"2023-06-24T21:52:15","modified_gmt":"2023-06-24T21:52:15","slug":"15c42-web-agency-gb-home","status":"publish","type":"page","link":"https:\/\/www.novartyapi.com\/","title":{"rendered":"Home"},"content":{"rendered":"\n<div style=\"height:44px\" aria-hidden=\"true\" class=\"wp-block-spacer\"><\/div>\n\n\n\n<div class=\"wp-block-cover alignfull\" style=\"min-height:580px;aspect-ratio:unset;\"><span aria-hidden=\"true\" class=\"wp-block-cover__background has-background-dim-0 has-background-dim\"><\/span><img loading=\"lazy\" decoding=\"async\" width=\"1920\" height=\"1080\" class=\"wp-block-cover__image-background wp-image-375\" alt=\"\" src=\"http:\/\/www.novartyapi.com\/wp-content\/uploads\/2023\/06\/slide-1.jpg\" data-object-fit=\"cover\" srcset=\"https:\/\/www.novartyapi.com\/wp-content\/uploads\/2023\/06\/slide-1.jpg 1920w, https:\/\/www.novartyapi.com\/wp-content\/uploads\/2023\/06\/slide-1-300x169.jpg 300w, https:\/\/www.novartyapi.com\/wp-content\/uploads\/2023\/06\/slide-1-1024x576.jpg 1024w, https:\/\/www.novartyapi.com\/wp-content\/uploads\/2023\/06\/slide-1-768x432.jpg 768w, https:\/\/www.novartyapi.com\/wp-content\/uploads\/2023\/06\/slide-1-1536x864.jpg 1536w\" sizes=\"auto, (max-width: 1920px) 100vw, 1920px\" \/><div class=\"wp-block-cover__inner-container is-layout-flow wp-block-cover-is-layout-flow\">\n<div style=\"height:80px\" aria-hidden=\"true\" class=\"wp-block-spacer\"><\/div>\n\n\n\n<h1 class=\"wp-block-heading has-text-align-center has-nv-site-bg-color has-text-color\" style=\"font-size:40px\"><\/h1>\n\n\n\n<p class=\"has-text-align-center has-text-color\" style=\"color:#121212;font-size:17px\"><br><\/p>\n\n\n\n<div style=\"height:80px\" aria-hidden=\"true\" class=\"wp-block-spacer\"><\/div>\n\n\n\n<p class=\"has-text-align-center has-nv-site-bg-color has-text-color\" style=\"font-size:25px;letter-spacing:5px\"><br><strong>TASARIM  &#8211;  PROJE Y\u00d6NET\u0130M\u0130  &#8211;  \u0130N\u015eAAT<br><\/strong><\/p>\n\n\n\n<div style=\"height:80px\" aria-hidden=\"true\" class=\"wp-block-spacer\"><\/div>\n<\/div><\/div>\n\n\n\n<div class=\"wp-block-columns is-layout-flex wp-container-core-columns-is-layout-9d6595d7 wp-block-columns-is-layout-flex\">\n<div class=\"wp-block-column is-layout-flow wp-block-column-is-layout-flow\">\n<div style=\"height:20px\" aria-hidden=\"true\" class=\"wp-block-spacer\"><\/div>\n\n\n\n<p class=\"has-text-align-center\"><\/p>\n\n\n<div class=\"wp-block-image icon-style is-style-rounded\">\n<figure class=\"aligncenter size-full is-resized\"><img loading=\"lazy\" decoding=\"async\" src=\"http:\/\/www.novartyapi.com\/wp-content\/uploads\/2020\/01\/neve-webdesign-GB-04.png\" alt=\"\" class=\"wp-image-21\" width=\"65\" height=\"65\" title=\"\"\/><\/figure>\n<\/div>\n\n\n<div style=\"height:20px\" aria-hidden=\"true\" class=\"wp-block-spacer\"><\/div>\n\n\n\n<h3 class=\"wp-block-heading has-text-align-center has-neve-text-color-color has-text-color\">Yarat\u0131c\u0131 Fikir<\/h3>\n<\/div>\n\n\n\n<div class=\"wp-block-column is-layout-flow wp-block-column-is-layout-flow\">\n<div style=\"height:20px\" aria-hidden=\"true\" class=\"wp-block-spacer\"><\/div>\n\n\n\n<p class=\"has-text-align-center\"><\/p>\n\n\n<div class=\"wp-block-image icon-style is-style-rounded\">\n<figure class=\"aligncenter size-full is-resized\"><img loading=\"lazy\" decoding=\"async\" src=\"http:\/\/www.novartyapi.com\/wp-content\/uploads\/2020\/01\/neve-webdesign-GB-03.png\" alt=\"\" class=\"wp-image-20\" width=\"65\" height=\"65\"\/><\/figure>\n<\/div>\n\n\n<div style=\"height:20px\" aria-hidden=\"true\" class=\"wp-block-spacer\"><\/div>\n\n\n\n<h3 class=\"wp-block-heading has-text-align-center has-neve-text-color-color has-text-color\">Fonksiyonel \u00c7\u00f6z\u00fcm<\/h3>\n<\/div>\n\n\n\n<div class=\"wp-block-column is-layout-flow wp-block-column-is-layout-flow\">\n<div style=\"height:20px\" aria-hidden=\"true\" class=\"wp-block-spacer\"><\/div>\n\n\n\n<p class=\"has-text-align-center\"><\/p>\n\n\n<div class=\"wp-block-image icon-style is-style-rounded\">\n<figure class=\"aligncenter size-large is-resized\"><img loading=\"lazy\" decoding=\"async\" src=\"http:\/\/www.novartyapi.com\/wp-content\/uploads\/2020\/01\/neve-webdesign-GB-01.png\" alt=\"\" class=\"wp-image-18\" width=\"65\" height=\"65\"\/><\/figure>\n<\/div>\n\n\n<div style=\"height:20px\" aria-hidden=\"true\" class=\"wp-block-spacer\"><\/div>\n\n\n\n<h3 class=\"wp-block-heading has-text-align-center has-neve-text-color-color has-text-color\">Optimum Sonu\u00e7<\/h3>\n<\/div>\n<\/div>\n\n\n\n<div style=\"height:17px\" aria-hidden=\"true\" class=\"wp-block-spacer\"><\/div>\n\n\n\n<div class=\"wp-block-cover alignfull\" style=\"min-height:600px;aspect-ratio:unset;\"><span aria-hidden=\"true\" class=\"wp-block-cover__background has-nv-light-bg-background-color has-background-dim-100 has-background-dim\"><\/span><div class=\"wp-block-cover__inner-container is-layout-flow wp-block-cover-is-layout-flow\">\n<div class=\"wp-block-group\"><div class=\"wp-block-group__inner-container is-layout-flow wp-block-group-is-layout-flow\">\n<div style=\"height:80px\" aria-hidden=\"true\" class=\"wp-block-spacer\"><\/div>\n\n\n\n<div class=\"wp-block-columns is-layout-flex wp-container-core-columns-is-layout-9d6595d7 wp-block-columns-is-layout-flex\">\n<div class=\"wp-block-column is-vertically-aligned-center is-layout-flow wp-block-column-is-layout-flow\" style=\"flex-basis:50%\">\n<figure class=\"wp-block-image size-large\"><img loading=\"lazy\" decoding=\"async\" width=\"1024\" height=\"768\" src=\"http:\/\/www.novartyapi.com\/wp-content\/uploads\/2023\/06\/Novart-yapi-logo-tasarimi-5-1-1024x768.jpg\" alt=\"\" class=\"wp-image-398\" srcset=\"https:\/\/www.novartyapi.com\/wp-content\/uploads\/2023\/06\/Novart-yapi-logo-tasarimi-5-1-1024x768.jpg 1024w, https:\/\/www.novartyapi.com\/wp-content\/uploads\/2023\/06\/Novart-yapi-logo-tasarimi-5-1-300x225.jpg 300w, https:\/\/www.novartyapi.com\/wp-content\/uploads\/2023\/06\/Novart-yapi-logo-tasarimi-5-1-768x576.jpg 768w, https:\/\/www.novartyapi.com\/wp-content\/uploads\/2023\/06\/Novart-yapi-logo-tasarimi-5-1-1536x1152.jpg 1536w, https:\/\/www.novartyapi.com\/wp-content\/uploads\/2023\/06\/Novart-yapi-logo-tasarimi-5-1.jpg 1890w\" sizes=\"auto, (max-width: 1024px) 100vw, 1024px\" \/><\/figure>\n<\/div>\n\n\n\n<div class=\"wp-block-column is-vertically-aligned-top is-layout-flow wp-block-column-is-layout-flow\" style=\"flex-basis:50%\">\n<div style=\"height:20px\" aria-hidden=\"true\" class=\"wp-block-spacer\"><\/div>\n\n\n\n<h2 class=\"wp-block-heading has-text-align-left has-neve-text-color-color has-text-color has-large-font-size\">NOVART YAPI&#8217;YA HO\u015eGELD\u0130N\u0130Z<\/h2>\n\n\n\n<p class=\"has-text-align-left has-neve-text-color-color has-text-color\" style=\"font-size:17px\">Novart Yap\u0131, ya\u015fam ve \u00e7al\u0131\u015fma alanlar\u0131nda k\u00fclt\u00fcr\u00fcm\u00fcze ve de\u011ferlerimize ba\u011fl\u0131 kalarak konfor ve refah\u0131n art\u0131r\u0131lmas\u0131 i\u00e7in yenilik\u00e7i ve optimum \u00e7\u00f6z\u00fcmler ile fonksiyonel, s\u00fcrd\u00fcr\u00fclebilir ve y\u00fcksek performansl\u0131 mekanlar\u0131, m\u00fc\u015fteri memnuniyetini \u00f6n planda tutarak \u00e7al\u0131\u015fmay\u0131 benimsemi\u015ftir.<\/p>\n\n\n\n<div class=\"wp-block-buttons is-horizontal is-content-justification-left is-layout-flex wp-container-core-buttons-is-layout-7e5fce0a wp-block-buttons-is-layout-flex\"><\/div>\n<\/div>\n<\/div>\n\n\n\n<div style=\"height:40px\" aria-hidden=\"true\" class=\"wp-block-spacer\"><\/div>\n<\/div><\/div>\n<\/div><\/div>\n\n\n\n<div style=\"height:71px\" aria-hidden=\"true\" class=\"wp-block-spacer\"><\/div>\n\n\n\n<div class=\"wp-block-group alignwide\"><div class=\"wp-block-group__inner-container is-layout-constrained wp-block-group-is-layout-constrained\">\n<div class=\"wp-block-columns alignwide are-vertically-aligned-center is-layout-flex wp-container-core-columns-is-layout-9d6595d7 wp-block-columns-is-layout-flex\">\n<div class=\"wp-block-column is-vertically-aligned-center is-layout-flow wp-block-column-is-layout-flow\" style=\"flex-basis:25%\"><div class=\"wp-block-image\">\n<figure class=\"alignright size-full is-resized\"><img loading=\"lazy\" decoding=\"async\" src=\"https:\/\/www.novartyapi.com\/wp-content\/uploads\/2023\/06\/Ashgabat-International-Airport-Ashgabat-04-2.jpg\" alt=\"\" class=\"wp-image-552\" width=\"343\" height=\"257\" srcset=\"https:\/\/www.novartyapi.com\/wp-content\/uploads\/2023\/06\/Ashgabat-International-Airport-Ashgabat-04-2.jpg 640w, https:\/\/www.novartyapi.com\/wp-content\/uploads\/2023\/06\/Ashgabat-International-Airport-Ashgabat-04-2-300x225.jpg 300w\" sizes=\"auto, (max-width: 343px) 100vw, 343px\" \/><\/figure>\n<\/div><\/div>\n\n\n\n<div class=\"wp-block-column is-vertically-aligned-center is-layout-flow wp-block-column-is-layout-flow\" style=\"flex-basis:50%\"><div class=\"wp-block-image\">\n<figure class=\"aligncenter size-large is-resized\"><img loading=\"lazy\" decoding=\"async\" src=\"https:\/\/www.novartyapi.com\/wp-content\/uploads\/2023\/06\/Uskudar-Mimar-Sinan-Meydani-ve-Zemin-Alti-Otoparki-Hizmete-Acildi-5-1024x575.jpg\" alt=\"\" class=\"wp-image-553\" width=\"528\" height=\"296\" srcset=\"https:\/\/www.novartyapi.com\/wp-content\/uploads\/2023\/06\/Uskudar-Mimar-Sinan-Meydani-ve-Zemin-Alti-Otoparki-Hizmete-Acildi-5-1024x575.jpg 1024w, https:\/\/www.novartyapi.com\/wp-content\/uploads\/2023\/06\/Uskudar-Mimar-Sinan-Meydani-ve-Zemin-Alti-Otoparki-Hizmete-Acildi-5-300x169.jpg 300w, https:\/\/www.novartyapi.com\/wp-content\/uploads\/2023\/06\/Uskudar-Mimar-Sinan-Meydani-ve-Zemin-Alti-Otoparki-Hizmete-Acildi-5-768x431.jpg 768w, https:\/\/www.novartyapi.com\/wp-content\/uploads\/2023\/06\/Uskudar-Mimar-Sinan-Meydani-ve-Zemin-Alti-Otoparki-Hizmete-Acildi-5-1536x863.jpg 1536w, https:\/\/www.novartyapi.com\/wp-content\/uploads\/2023\/06\/Uskudar-Mimar-Sinan-Meydani-ve-Zemin-Alti-Otoparki-Hizmete-Acildi-5-2048x1151.jpg 2048w\" sizes=\"auto, (max-width: 528px) 100vw, 528px\" \/><\/figure>\n<\/div><\/div>\n\n\n\n<div class=\"wp-block-column is-vertically-aligned-center is-layout-flow wp-block-column-is-layout-flow\" style=\"flex-basis:25%\"><div class=\"wp-block-image\">\n<figure class=\"alignleft size-large is-resized\"><img loading=\"lazy\" decoding=\"async\" src=\"https:\/\/www.novartyapi.com\/wp-content\/uploads\/2023\/06\/rc-034-2-1024x683.jpg\" alt=\"\" class=\"wp-image-554\" width=\"365\" height=\"243\" srcset=\"https:\/\/www.novartyapi.com\/wp-content\/uploads\/2023\/06\/rc-034-2-1024x683.jpg 1024w, https:\/\/www.novartyapi.com\/wp-content\/uploads\/2023\/06\/rc-034-2-300x200.jpg 300w, https:\/\/www.novartyapi.com\/wp-content\/uploads\/2023\/06\/rc-034-2-768x512.jpg 768w, https:\/\/www.novartyapi.com\/wp-content\/uploads\/2023\/06\/rc-034-2-1536x1024.jpg 1536w, https:\/\/www.novartyapi.com\/wp-content\/uploads\/2023\/06\/rc-034-2-930x620.jpg 930w, https:\/\/www.novartyapi.com\/wp-content\/uploads\/2023\/06\/rc-034-2.jpg 1620w\" sizes=\"auto, (max-width: 365px) 100vw, 365px\" \/><\/figure>\n<\/div><\/div>\n<\/div>\n<\/div><\/div>\n\n\n\n<div style=\"height:71px\" aria-hidden=\"true\" class=\"wp-block-spacer\"><\/div>\n\n\n\n<div class=\"wp-block-cover alignfull\" style=\"min-height:175px;aspect-ratio:unset;\"><span aria-hidden=\"true\" class=\"wp-block-cover__background has-nv-dark-bg-background-color has-background-dim-100 has-background-dim\"><\/span><div class=\"wp-block-cover__inner-container is-layout-flow wp-block-cover-is-layout-flow\">\n<div style=\"height:0px\" aria-hidden=\"true\" class=\"wp-block-spacer\"><\/div>\n\n\n\n<h2 class=\"wp-block-heading has-text-align-center has-nv-text-dark-bg-color has-text-color\"><\/h2>\n\n\n\n<p class=\"has-text-align-center\"><\/p>\n\n\n\n<div style=\"height:0px\" aria-hidden=\"true\" class=\"wp-block-spacer\"><\/div>\n<\/div><\/div>\n","protected":false},"excerpt":{"rendered":"<p>Yarat\u0131c\u0131 Fikir Fonksiyonel \u00c7\u00f6z\u00fcm Optimum Sonu\u00e7<\/p>\n","protected":false},"author":1,"featured_media":0,"parent":0,"menu_order":0,"comment_status":"closed","ping_status":"closed","template":"","meta":{"neve_meta_sidebar":"default","neve_meta_container":"default","neve_meta_enable_content_width":"on","neve_meta_content_width":100,"neve_meta_title_alignment":"","neve_meta_author_avatar":"","neve_post_elements_order":"","neve_meta_disable_header":"","neve_meta_disable_footer":"","neve_meta_disable_title":"on","_themeisle_gutenberg_block_has_review":false,"_ti_tpc_template_sync":false,"_ti_tpc_template_id":"5udqur826ojgsxrmsxsc","footnotes":""},"class_list":["post-308","page","type-page","status-publish","hentry"],"_links":{"self":[{"href":"https:\/\/www.novartyapi.com\/index.php?rest_route=\/wp\/v2\/pages\/308","targetHints":{"allow":["GET"]}}],"collection":[{"href":"https:\/\/www.novartyapi.com\/index.php?rest_route=\/wp\/v2\/pages"}],"about":[{"href":"https:\/\/www.novartyapi.com\/index.php?rest_route=\/wp\/v2\/types\/page"}],"author":[{"embeddable":true,"href":"https:\/\/www.novartyapi.com\/index.php?rest_route=\/wp\/v2\/users\/1"}],"replies":[{"embeddable":true,"href":"https:\/\/www.novartyapi.com\/index.php?rest_route=%2Fwp%2Fv2%2Fcomments&post=308"}],"version-history":[{"count":30,"href":"https:\/\/www.novartyapi.com\/index.php?rest_route=\/wp\/v2\/pages\/308\/revisions"}],"predecessor-version":[{"id":563,"href":"https:\/\/www.novartyapi.com\/index.php?rest_route=\/wp\/v2\/pages\/308\/revisions\/563"}],"wp:attachment":[{"href":"https:\/\/www.novartyapi.com\/index.php?rest_route=%2Fwp%2Fv2%2Fmedia&parent=308"}],"curies":[{"name":"wp","href":"https:\/\/api.w.org\/{rel}","templated":true}]}}